{"id":396,"date":"2016-07-20T16:29:30","date_gmt":"2016-07-20T16:29:30","guid":{"rendered":"http:\/\/demo.hashthemes.com\/total\/?page_id=7"},"modified":"2025-06-03T10:39:25","modified_gmt":"2025-06-03T10:39:25","slug":"kezdolap","status":"publish","type":"page","link":"https:\/\/bitlabor.hu\/","title":{"rendered":"Kezd\u0151lap"},"content":{"rendered":"\t\t<div data-elementor-type=\"wp-page\" data-elementor-id=\"396\" class=\"elementor elementor-396\">\n\t\t\t\t\t\t<section class=\"elementor-section elementor-top-section elementor-element elementor-element-c438f36 elementor-section-stretched elementor-section-full_width elementor-section-height-default elementor-section-height-default\" data-id=\"c438f36\" data-element_type=\"section\" data-settings=\"{&quot;stretch_section&quot;:&quot;section-stretched&quot;}\">\n\t\t\t\t\t\t<div class=\"elementor-container elementor-column-gap-default\">\n\t\t\t\t\t<div class=\"elementor-column elementor-col-100 elementor-top-column elementor-element elementor-element-166e34d\" data-id=\"166e34d\" data-element_type=\"column\">\n\t\t\t<div class=\"elementor-widget-wrap elementor-element-populated\">\n\t\t\t\t\t\t<div class=\"elementor-element elementor-element-5cc1ae3 elementor-widget elementor-widget-total-slider\" data-id=\"5cc1ae3\" data-element_type=\"widget\" data-widget_type=\"total-slider.default\">\n\t\t\t\t<div class=\"elementor-widget-container\">\n\t\t\t        <div class=\"het-bx-slider owl-carousel\" data-params='{\"autoplay\":true,\"pause\":5000,\"nav\":true,\"dots\":true}'>\n                            <div class=\"het-slide\">\n                    <div class=\"het-slide-overlay\"><\/div>\n\n                    <img decoding=\"async\" class=\"no-lazyload\" src=\"https:\/\/bitlabor-dev.filafoxit.space\/wp-content\/uploads\/2024\/03\/softwareeng.png\"\n                         alt=\"Szoftverfejleszt\u00e9s\">\n\n                    <div class=\"het-slide-caption\">\n\n                                                    <div class=\"het-slide-cap-title\">\n                                <span>Szoftverfejleszt\u00e9s<\/span>\n                            <\/div>\n                        \n                                                    <div class=\"het-slide-cap-desc\">\n                                \u00c9s informatikai szolg\u00e1ltat\u00e1sok                            <\/div>\n                        \n                                                    <div class=\"het-slide-cap-button\">\n                                <a href=\"#\"  target=\"_blank\" rel=\"nofollow\">Start Now<\/a>\n                            <\/div>\n                                            <\/div>\n                <\/div>\n                                <div class=\"het-slide\">\n                    <div class=\"het-slide-overlay\"><\/div>\n\n                    <img decoding=\"async\" class=\"no-lazyload\" src=\"https:\/\/bitlabor-dev.filafoxit.space\/wp-content\/uploads\/2024\/03\/hosting-1.png\"\n                         alt=\"Webhosting\">\n\n                    <div class=\"het-slide-caption\">\n\n                                                    <div class=\"het-slide-cap-title\">\n                                <span>Webhosting<\/span>\n                            <\/div>\n                        \n                                                    <div class=\"het-slide-cap-desc\">\n                                T\u00e1rhely megold\u00e1sok v\u00e1llalkoz\u00e1sa sz\u00e1m\u00e1ra!                            <\/div>\n                        \n                                                    <div class=\"het-slide-cap-button\">\n                                <a href=\"#\"  target=\"_blank\" rel=\"nofollow\">B\u0151vebben<\/a>\n                            <\/div>\n                                            <\/div>\n                <\/div>\n                                <div class=\"het-slide\">\n                    <div class=\"het-slide-overlay\"><\/div>\n\n                    <img decoding=\"async\" class=\"no-lazyload\" src=\"https:\/\/bitlabor-dev.filafoxit.space\/wp-content\/uploads\/2024\/03\/pcszerviz.png\"\n                         alt=\"Pc szerv\u00edz\">\n\n                    <div class=\"het-slide-caption\">\n\n                                                    <div class=\"het-slide-cap-title\">\n                                <span>Pc szerv\u00edz<\/span>\n                            <\/div>\n                        \n                                                    <div class=\"het-slide-cap-desc\">\n                                Laptopokt\u00f3l a szerverekig!                            <\/div>\n                        \n                                                    <div class=\"het-slide-cap-button\">\n                                <a href=\"#\"  target=\"_blank\" rel=\"nofollow\">Join Now<\/a>\n                            <\/div>\n                                            <\/div>\n                <\/div>\n                        <\/div>\n        \t\t<\/div>\n\t\t\t\t<\/div>\n\t\t\t\t\t<\/div>\n\t\t<\/div>\n\t\t\t\t\t<\/div>\n\t\t<\/section>\n\t\t<div class=\"elementor-element elementor-element-9dbf4e8 e-flex e-con-boxed e-con e-parent\" data-id=\"9dbf4e8\" data-element_type=\"container\" data-settings=\"{&quot;background_background&quot;:&quot;classic&quot;}\">\n\t\t\t\t\t<div class=\"e-con-inner\">\n\t\t\t\t<div class=\"elementor-element elementor-element-8d647bd elementor-widget elementor-widget-heading\" data-id=\"8d647bd\" data-element_type=\"widget\" data-widget_type=\"heading.default\">\n\t\t\t\t<div class=\"elementor-widget-container\">\n\t\t\t<style>\/*! elementor - v3.21.0 - 26-05-2024 *\/\n.elementor-heading-title{padding:0;margin:0;line-height:1}.elementor-widget-heading .elementor-heading-title[class*=elementor-size-]>a{color:inherit;font-size:inherit;line-height:inherit}.elementor-widget-heading .elementor-heading-title.elementor-size-small{font-size:15px}.elementor-widget-heading .elementor-heading-title.elementor-size-medium{font-size:19px}.elementor-widget-heading .elementor-heading-title.elementor-size-large{font-size:29px}.elementor-widget-heading .elementor-heading-title.elementor-size-xl{font-size:39px}.elementor-widget-heading .elementor-heading-title.elementor-size-xxl{font-size:59px}<\/style><h2 class=\"elementor-heading-title elementor-size-default\">\u00dcdv\u00f6z\u00f6lj\u00fck! <\/h2>\t\t<\/div>\n\t\t\t\t<\/div>\n\t\t\t\t<div class=\"elementor-element elementor-element-f158ecf elementor-widget elementor-widget-text-editor\" data-id=\"f158ecf\" data-element_type=\"widget\" data-widget_type=\"text-editor.default\">\n\t\t\t\t<div class=\"elementor-widget-container\">\n\t\t\t<style>\/*! elementor - v3.21.0 - 26-05-2024 *\/\n.elementor-widget-text-editor.elementor-drop-cap-view-stacked .elementor-drop-cap{background-color:#69727d;color:#fff}.elementor-widget-text-editor.elementor-drop-cap-view-framed .elementor-drop-cap{color:#69727d;border:3px solid;background-color:transparent}.elementor-widget-text-editor:not(.elementor-drop-cap-view-default) .elementor-drop-cap{margin-top:8px}.elementor-widget-text-editor:not(.elementor-drop-cap-view-default) .elementor-drop-cap-letter{width:1em;height:1em}.elementor-widget-text-editor .elementor-drop-cap{float:left;text-align:center;line-height:1;font-size:50px}.elementor-widget-text-editor .elementor-drop-cap-letter{display:inline-block}<\/style>\t\t\t\t<p>K\u00f6sz\u00f6ntj\u00fck \u00d6n\u00f6ket a Bitlaborn\u00e1l, ahol a PC szerv\u00edzel\u00e9s, webhosting szolg\u00e1ltat\u00e1s, egyedi szoftverfejleszt\u00e9s \u00e9s applik\u00e1ci\u00f3fejleszt\u00e9s ter\u00e9n ny\u00fajtunk kiemelked\u0151 szolg\u00e1ltat\u00e1sokat. Legyen sz\u00f3 sz\u00e1m\u00edt\u00f3g\u00e9p\u00e9nek karbantart\u00e1s\u00e1r\u00f3l, weboldal\u00e1nak \u00fczemeltet\u00e9s\u00e9r\u0151l, vagy ak\u00e1r egyedi alkalmaz\u00e1sok l\u00e9trehoz\u00e1s\u00e1r\u00f3l, mi \u00e1llunk rendelkez\u00e9s\u00e9re teljes k\u00f6r\u0171 t\u00e1mogat\u00e1ssal \u00e9s szaktud\u00e1ssal.<\/p>\t\t\t\t\t\t<\/div>\n\t\t\t\t<\/div>\n\t\t\t\t\t<\/div>\n\t\t\t\t<\/div>\n\t\t\t\t<section class=\"elementor-section elementor-top-section elementor-element elementor-element-4e6915b elementor-section-full_width elementor-section-height-default elementor-section-height-default\" data-id=\"4e6915b\" data-element_type=\"section\" data-settings=\"{&quot;background_background&quot;:&quot;classic&quot;}\">\n\t\t\t\t\t\t<div class=\"elementor-container elementor-column-gap-no\">\n\t\t\t\t\t<div class=\"elementor-column elementor-col-33 elementor-top-column elementor-element elementor-element-6eacfbe\" data-id=\"6eacfbe\" data-element_type=\"column\">\n\t\t\t<div class=\"elementor-widget-wrap\">\n\t\t\t\t\t\t\t<\/div>\n\t\t<\/div>\n\t\t\t\t<div class=\"elementor-column elementor-col-33 elementor-top-column elementor-element elementor-element-191e939\" data-id=\"191e939\" data-element_type=\"column\">\n\t\t\t<div class=\"elementor-widget-wrap elementor-element-populated\">\n\t\t\t\t\t\t<div class=\"elementor-element elementor-element-c164569 elementor-widget elementor-widget-heading\" data-id=\"c164569\" data-element_type=\"widget\" data-widget_type=\"heading.default\">\n\t\t\t\t<div class=\"elementor-widget-container\">\n\t\t\t<h2 class=\"elementor-heading-title elementor-size-default\">Szolg\u00e1ltat\u00e1saink<\/h2>\t\t<\/div>\n\t\t\t\t<\/div>\n\t\t\t\t<div class=\"elementor-element elementor-element-a15d75f elementor-widget elementor-widget-total-service-block\" data-id=\"a15d75f\" data-element_type=\"widget\" data-widget_type=\"total-service-block.default\">\n\t\t\t\t<div class=\"elementor-widget-container\">\n\t\t\t        <div class=\"het-service-post-wrap\">\n                            <div class=\"het-service-post he-clearfix\">\n                    <div class=\"het-service-icon\">\n                        <svg aria-hidden=\"true\" class=\"e-font-icon-svg e-fas-code\" viewBox=\"0 0 640 512\" xmlns=\"http:\/\/www.w3.org\/2000\/svg\"><path d=\"M278.9 511.5l-61-17.7c-6.4-1.8-10-8.5-8.2-14.9L346.2 8.7c1.8-6.4 8.5-10 14.9-8.2l61 17.7c6.4 1.8 10 8.5 8.2 14.9L293.8 503.3c-1.9 6.4-8.5 10.1-14.9 8.2zm-114-112.2l43.5-46.4c4.6-4.9 4.3-12.7-.8-17.2L117 256l90.6-79.7c5.1-4.5 5.5-12.3.8-17.2l-43.5-46.4c-4.5-4.8-12.1-5.1-17-.5L3.8 247.2c-5.1 4.7-5.1 12.8 0 17.5l144.1 135.1c4.9 4.6 12.5 4.4 17-.5zm327.2.6l144.1-135.1c5.1-4.7 5.1-12.8 0-17.5L492.1 112.1c-4.8-4.5-12.4-4.3-17 .5L431.6 159c-4.6 4.9-4.3 12.7.8 17.2L523 256l-90.6 79.7c-5.1 4.5-5.5 12.3-.8 17.2l43.5 46.4c4.5 4.9 12.1 5.1 17 .6z\"><\/path><\/svg>                    <\/div>\n\n                    <div class=\"het-service-excerpt\">\n                        <h5>Szoftverfejleszt\u00e9s<\/h5>\n\n                        <div class=\"het-service-text\">\n                            <div class=\"het-service-excerpt-text\">\n                                Ismerje meg a Bitlabor egyedi szoftverfejleszt\u00e9si szolg\u00e1ltat\u00e1s\u00e1t, ahol szak\u00e9rt\u0151 fejleszt\u0151ink innovat\u00edv megold\u00e1sokkal seg\u00edtenek v\u00e1llalkoz\u00e1s\u00e1nak digit\u00e1lis fejl\u0151d\u00e9s\u00e9ben. Testreszabott applik\u00e1ci\u00f3k \u00e9s szoftverek fejleszt\u00e9s\u00e9vel \u00e1llunk rendelkez\u00e9s\u00e9re, hogy az \u00d6n ig\u00e9nyeit maxim\u00e1lisan kiel\u00e9g\u00edts\u00fck.                            <\/div>\n\n                                                            <div class=\"het-service-link\">\n                                    <a href=\"#\"  rel=\"nofollow\">\n                                        Read More <i class=\"fas fa-chevron-right\"\n                                           aria-hidden=\"true\"><\/i>\n                                    <\/a>\n                                <\/div>\n                                                    <\/div>\n                    <\/div>\n                <\/div>\n                                <div class=\"het-service-post he-clearfix\">\n                    <div class=\"het-service-icon\">\n                        <svg aria-hidden=\"true\" class=\"e-font-icon-svg e-fas-server\" viewBox=\"0 0 512 512\" xmlns=\"http:\/\/www.w3.org\/2000\/svg\"><path d=\"M480 160H32c-17.673 0-32-14.327-32-32V64c0-17.673 14.327-32 32-32h448c17.673 0 32 14.327 32 32v64c0 17.673-14.327 32-32 32zm-48-88c-13.255 0-24 10.745-24 24s10.745 24 24 24 24-10.745 24-24-10.745-24-24-24zm-64 0c-13.255 0-24 10.745-24 24s10.745 24 24 24 24-10.745 24-24-10.745-24-24-24zm112 248H32c-17.673 0-32-14.327-32-32v-64c0-17.673 14.327-32 32-32h448c17.673 0 32 14.327 32 32v64c0 17.673-14.327 32-32 32zm-48-88c-13.255 0-24 10.745-24 24s10.745 24 24 24 24-10.745 24-24-10.745-24-24-24zm-64 0c-13.255 0-24 10.745-24 24s10.745 24 24 24 24-10.745 24-24-10.745-24-24-24zm112 248H32c-17.673 0-32-14.327-32-32v-64c0-17.673 14.327-32 32-32h448c17.673 0 32 14.327 32 32v64c0 17.673-14.327 32-32 32zm-48-88c-13.255 0-24 10.745-24 24s10.745 24 24 24 24-10.745 24-24-10.745-24-24-24zm-64 0c-13.255 0-24 10.745-24 24s10.745 24 24 24 24-10.745 24-24-10.745-24-24-24z\"><\/path><\/svg>                    <\/div>\n\n                    <div class=\"het-service-excerpt\">\n                        <h5>Webhosting<\/h5>\n\n                        <div class=\"het-service-text\">\n                            <div class=\"het-service-excerpt-text\">\n                                Fedezze fel a Bitlabor webhosting szolg\u00e1ltat\u00e1s\u00e1t, ahol megb\u00edzhat\u00f3 \u00e9s gyors t\u00e1rhelyet biztos\u00edtunk weboldal\u00e1nak, hogy az mindig el\u00e9rhet\u0151 legyen az online vil\u00e1gban. Profi technikai t\u00e1mogat\u00e1sunkkal biztos\u00edtjuk, hogy \u00d6nnek csak a tartalomra kelljen koncentr\u00e1lnia.                            <\/div>\n\n                                                            <div class=\"het-service-link\">\n                                    <a href=\"#\"  rel=\"nofollow\">\n                                        Read More <i class=\"fas fa-chevron-right\"\n                                           aria-hidden=\"true\"><\/i>\n                                    <\/a>\n                                <\/div>\n                                                    <\/div>\n                    <\/div>\n                <\/div>\n                                <div class=\"het-service-post he-clearfix\">\n                    <div class=\"het-service-icon\">\n                        <svg aria-hidden=\"true\" class=\"e-font-icon-svg e-far-window-restore\" viewBox=\"0 0 512 512\" xmlns=\"http:\/\/www.w3.org\/2000\/svg\"><path d=\"M464 0H144c-26.5 0-48 21.5-48 48v48H48c-26.5 0-48 21.5-48 48v320c0 26.5 21.5 48 48 48h320c26.5 0 48-21.5 48-48v-48h48c26.5 0 48-21.5 48-48V48c0-26.5-21.5-48-48-48zm-96 464H48V256h320v208zm96-96h-48V144c0-26.5-21.5-48-48-48H144V48h320v320z\"><\/path><\/svg>                    <\/div>\n\n                    <div class=\"het-service-excerpt\">\n                        <h5>Pc szerv\u00edz<\/h5>\n\n                        <div class=\"het-service-text\">\n                            <div class=\"het-service-excerpt-text\">\n                                Ismerje meg a Bitlabor PC szerv\u00edz szolg\u00e1ltat\u00e1s\u00e1t, ahol szak\u00e9rt\u0151 csapatunk gondoskodik sz\u00e1m\u00edt\u00f3g\u00e9pe karbantart\u00e1s\u00e1r\u00f3l \u00e9s jav\u00edt\u00e1s\u00e1r\u00f3l, hogy \u00d6n zavartalanul haszn\u00e1lhassa eszk\u00f6z\u00e9t. Gyors \u00e9s hat\u00e9kony megold\u00e1sokkal \u00e1llunk rendelkez\u00e9s\u00e9re.                            <\/div>\n\n                                                            <div class=\"het-service-link\">\n                                    <a href=\"#\"  rel=\"nofollow\">\n                                        Read More <i class=\"fas fa-chevron-right\"\n                                           aria-hidden=\"true\"><\/i>\n                                    <\/a>\n                                <\/div>\n                                                    <\/div>\n                    <\/div>\n                <\/div>\n                                <div class=\"het-service-post he-clearfix\">\n                    <div class=\"het-service-icon\">\n                        <svg aria-hidden=\"true\" class=\"e-font-icon-svg e-fas-mobile-alt\" viewBox=\"0 0 320 512\" xmlns=\"http:\/\/www.w3.org\/2000\/svg\"><path d=\"M272 0H48C21.5 0 0 21.5 0 48v416c0 26.5 21.5 48 48 48h224c26.5 0 48-21.5 48-48V48c0-26.5-21.5-48-48-48zM160 480c-17.7 0-32-14.3-32-32s14.3-32 32-32 32 14.3 32 32-14.3 32-32 32zm112-108c0 6.6-5.4 12-12 12H60c-6.6 0-12-5.4-12-12V60c0-6.6 5.4-12 12-12h200c6.6 0 12 5.4 12 12v312z\"><\/path><\/svg>                    <\/div>\n\n                    <div class=\"het-service-excerpt\">\n                        <h5>Mobil Applik\u00e1ci\u00f3 fejleszt\u00e9s<\/h5>\n\n                        <div class=\"het-service-text\">\n                            <div class=\"het-service-excerpt-text\">\n                                Ismerje meg a Bitlabor mobilalkalmaz\u00e1s-fejleszt\u00e9si szolg\u00e1ltat\u00e1s\u00e1t, ahol tapasztalt fejleszt\u0151csapatunk modern \u00e9s felhaszn\u00e1l\u00f3bar\u00e1t mobilalkalmaz\u00e1sokat tervez \u00e9s hoz l\u00e9tre. Legyen sz\u00f3 Android vagy iOS platformr\u00f3l, mi garant\u00e1ljuk az egyedi \u00e9s magas sz\u00ednvonal\u00fa applik\u00e1ci\u00f3kat, amelyek seg\u00edtik v\u00e1llalkoz\u00e1s\u00e1nak digit\u00e1lis jelenl\u00e9t\u00e9t \u00e9s n\u00f6veked\u00e9s\u00e9t.                            <\/div>\n\n                                                            <div class=\"het-service-link\">\n                                    <a href=\"#\"  rel=\"nofollow\">\n                                        Read More <i class=\"fas fa-chevron-right\"\n                                           aria-hidden=\"true\"><\/i>\n                                    <\/a>\n                                <\/div>\n                                                    <\/div>\n                    <\/div>\n                <\/div>\n                        <\/div>\n        \t\t<\/div>\n\t\t\t\t<\/div>\n\t\t\t\t\t<\/div>\n\t\t<\/div>\n\t\t\t\t<div class=\"elementor-column elementor-col-33 elementor-top-column elementor-element elementor-element-dd00d19\" data-id=\"dd00d19\" data-element_type=\"column\" data-settings=\"{&quot;background_background&quot;:&quot;classic&quot;}\">\n\t\t\t<div class=\"elementor-widget-wrap\">\n\t\t\t\t\t\t\t<\/div>\n\t\t<\/div>\n\t\t\t\t\t<\/div>\n\t\t<\/section>\n\t\t\t\t<section class=\"elementor-section elementor-top-section elementor-element elementor-element-cf3dbdc elementor-section-boxed elementor-section-height-default elementor-section-height-default\" data-id=\"cf3dbdc\" data-element_type=\"section\">\n\t\t\t\t\t\t<div class=\"elementor-container elementor-column-gap-default\">\n\t\t\t\t\t<div class=\"elementor-column elementor-col-100 elementor-top-column elementor-element elementor-element-8b2f8a4\" data-id=\"8b2f8a4\" data-element_type=\"column\">\n\t\t\t<div class=\"elementor-widget-wrap elementor-element-populated\">\n\t\t\t\t\t\t<section class=\"elementor-section elementor-inner-section elementor-element elementor-element-5390ef0 elementor-section-full_width elementor-section-height-default elementor-section-height-default\" data-id=\"5390ef0\" data-element_type=\"section\">\n\t\t\t\t\t\t<div class=\"elementor-container elementor-column-gap-default\">\n\t\t\t\t\t<div class=\"elementor-column elementor-col-33 elementor-inner-column elementor-element elementor-element-d06117e\" data-id=\"d06117e\" data-element_type=\"column\">\n\t\t\t<div class=\"elementor-widget-wrap\">\n\t\t\t\t\t\t\t<\/div>\n\t\t<\/div>\n\t\t\t\t<div class=\"elementor-column elementor-col-33 elementor-inner-column elementor-element elementor-element-4e555dd\" data-id=\"4e555dd\" data-element_type=\"column\">\n\t\t\t<div class=\"elementor-widget-wrap elementor-element-populated\">\n\t\t\t\t\t\t<div class=\"elementor-element elementor-element-a1d2c9c elementor-widget elementor-widget-heading\" data-id=\"a1d2c9c\" data-element_type=\"widget\" data-widget_type=\"heading.default\">\n\t\t\t\t<div class=\"elementor-widget-container\">\n\t\t\t<h2 class=\"elementor-heading-title elementor-size-default\">\u00dcgyfeleink<\/h2>\t\t<\/div>\n\t\t\t\t<\/div>\n\t\t\t\t<div class=\"elementor-element elementor-element-4fb81b1 elementor-widget elementor-widget-text-editor\" data-id=\"4fb81b1\" data-element_type=\"widget\" data-widget_type=\"text-editor.default\">\n\t\t\t\t<div class=\"elementor-widget-container\">\n\t\t\t\t\t\t\t<p>Akik m\u00e1r minket v\u00e1lasztottak!<\/p><p>\u00a0<\/p>\t\t\t\t\t\t<\/div>\n\t\t\t\t<\/div>\n\t\t\t\t\t<\/div>\n\t\t<\/div>\n\t\t\t\t<div class=\"elementor-column elementor-col-33 elementor-inner-column elementor-element elementor-element-764fd5b\" data-id=\"764fd5b\" data-element_type=\"column\">\n\t\t\t<div class=\"elementor-widget-wrap\">\n\t\t\t\t\t\t\t<\/div>\n\t\t<\/div>\n\t\t\t\t\t<\/div>\n\t\t<\/section>\n\t\t\t\t<div class=\"elementor-element elementor-element-2fc8a9a elementor-widget elementor-widget-total-logo-carousel\" data-id=\"2fc8a9a\" data-element_type=\"widget\" data-widget_type=\"total-logo-carousel.default\">\n\t\t\t\t<div class=\"elementor-widget-container\">\n\t\t\t        <div class=\"het-client-logo-slider owl-carousel\" data-params='{\"autoplay\":true,\"pause\":5000,\"items\":5,\"items_tablet\":3,\"items_mobile\":2,\"margin\":30,\"margin_tablet\":30,\"margin_mobile\":30,\"dots\":false}'>\n            <div class=\"het-logo-slide\"><img decoding=\"async\" src=\"https:\/\/bitlabor.hu\/wp-content\/uploads\/2024\/05\/dual_logo.jpg\" alt=\"DualComp Trade Kft.\" \/><\/div><div class=\"het-logo-slide\"><img decoding=\"async\" src=\"https:\/\/bitlabor.hu\/wp-content\/uploads\/2024\/05\/remek_logo_szoveges.jpg\" alt=\"remek_logo_szoveges\" \/><\/div><div class=\"het-logo-slide\"><img decoding=\"async\" src=\"https:\/\/bitlabor.hu\/wp-content\/uploads\/2024\/05\/innomedio-kereskedelmi-es-szolgaltato-kft-index.jpg\" alt=\"innomedio-kereskedelmi-es-szolgaltato-kft-index\" \/><\/div><div class=\"het-logo-slide\"><img decoding=\"async\" src=\"https:\/\/bitlabor.hu\/wp-content\/uploads\/2024\/05\/Lochner_Group_logo.png\" alt=\"Lochner_Group_logo\" \/><\/div><div class=\"het-logo-slide\"><img decoding=\"async\" src=\"https:\/\/bitlabor.hu\/wp-content\/uploads\/2024\/05\/logo.png\" alt=\"logo\" \/><\/div><div class=\"het-logo-slide\"><img decoding=\"async\" src=\"https:\/\/bitlabor.hu\/wp-content\/uploads\/2024\/05\/deakdelta.png\" alt=\"deakdelta\" \/><\/div><div class=\"het-logo-slide\"><img decoding=\"async\" src=\"https:\/\/bitlabor.hu\/wp-content\/uploads\/2024\/05\/kollarpakk_logo-1.png\" alt=\"kollarpakk_logo-1\" \/><\/div><div class=\"het-logo-slide\"><img decoding=\"async\" src=\"https:\/\/bitlabor.hu\/wp-content\/uploads\/2024\/05\/Tuti_logo.jpg\" alt=\"Tuti_logo\" \/><\/div>        <\/div>\n        \t\t<\/div>\n\t\t\t\t<\/div>\n\t\t\t\t\t<\/div>\n\t\t<\/div>\n\t\t\t\t\t<\/div>\n\t\t<\/section>\n\t\t\t\t<\/div>\n\t\t","protected":false},"excerpt":{"rendered":"<p>Szoftverfejleszt\u00e9s \u00c9s informatikai szolg\u00e1ltat\u00e1sok Start Now Webhosting T\u00e1rhely megold\u00e1sok v\u00e1llalkoz\u00e1sa sz\u00e1m\u00e1ra! B\u0151vebben Pc szerv\u00edz Laptopokt\u00f3l a szerverekig! Join Now \u00dcdv\u00f6z\u00f6lj\u00fck! K\u00f6sz\u00f6ntj\u00fck \u00d6n\u00f6ket a Bitlaborn\u00e1l, ahol a PC szerv\u00edzel\u00e9s, webhosting szolg\u00e1ltat\u00e1s, egyedi szoftverfejleszt\u00e9s \u00e9s applik\u00e1ci\u00f3fejleszt\u00e9s ter\u00e9n ny\u00fajtunk kiemelked\u0151 szolg\u00e1ltat\u00e1sokat. Legyen sz\u00f3 sz\u00e1m\u00edt\u00f3g\u00e9p\u00e9nek karbantart\u00e1s\u00e1r\u00f3l, weboldal\u00e1nak \u00fczemeltet\u00e9s\u00e9r\u0151l, vagy ak\u00e1r egyedi alkalmaz\u00e1sok l\u00e9trehoz\u00e1s\u00e1r\u00f3l, mi \u00e1llunk rendelkez\u00e9s\u00e9re teljes k\u00f6r\u0171 t\u00e1mogat\u00e1ssal [&hellip;]<\/p>\n","protected":false},"author":1,"featured_media":0,"parent":0,"menu_order":0,"comment_status":"closed","ping_status":"closed","template":"elementor_header_footer","meta":{"footnotes":""},"class_list":["post-396","page","type-page","status-publish","hentry"],"_links":{"self":[{"href":"https:\/\/bitlabor.hu\/index.php\/wp-json\/wp\/v2\/pages\/396","targetHints":{"allow":["GET"]}}],"collection":[{"href":"https:\/\/bitlabor.hu\/index.php\/wp-json\/wp\/v2\/pages"}],"about":[{"href":"https:\/\/bitlabor.hu\/index.php\/wp-json\/wp\/v2\/types\/page"}],"author":[{"embeddable":true,"href":"https:\/\/bitlabor.hu\/index.php\/wp-json\/wp\/v2\/users\/1"}],"replies":[{"embeddable":true,"href":"https:\/\/bitlabor.hu\/index.php\/wp-json\/wp\/v2\/comments?post=396"}],"version-history":[{"count":46,"href":"https:\/\/bitlabor.hu\/index.php\/wp-json\/wp\/v2\/pages\/396\/revisions"}],"predecessor-version":[{"id":1650,"href":"https:\/\/bitlabor.hu\/index.php\/wp-json\/wp\/v2\/pages\/396\/revisions\/1650"}],"wp:attachment":[{"href":"https:\/\/bitlabor.hu\/index.php\/wp-json\/wp\/v2\/media?parent=396"}],"curies":[{"name":"wp","href":"https:\/\/api.w.org\/{rel}","templated":true}]}}