{"id":1569,"date":"2024-04-10T11:26:05","date_gmt":"2024-04-10T11:26:05","guid":{"rendered":"https:\/\/bitlabor-dev.filafoxit.space\/?page_id=1569"},"modified":"2024-05-06T11:05:17","modified_gmt":"2024-05-06T11:05:17","slug":"letoltesek","status":"publish","type":"page","link":"https:\/\/bitlabor.hu\/index.php\/letoltesek\/","title":{"rendered":"Let\u00f6lt\u00e9sek"},"content":{"rendered":"\t\t<div data-elementor-type=\"wp-page\" data-elementor-id=\"1569\" class=\"elementor elementor-1569\">\n\t\t\t\t<div class=\"elementor-element elementor-element-c13a1e6 e-flex e-con-boxed e-con e-parent\" data-id=\"c13a1e6\" data-element_type=\"container\">\n\t\t\t\t\t<div class=\"e-con-inner\">\n\t\t\t\t<div class=\"elementor-element elementor-element-0b84d19 elementor-widget elementor-widget-heading\" data-id=\"0b84d19\" data-element_type=\"widget\" data-widget_type=\"heading.default\">\n\t\t\t\t<div class=\"elementor-widget-container\">\n\t\t\t<style>\/*! elementor - v3.21.0 - 26-05-2024 *\/\n.elementor-heading-title{padding:0;margin:0;line-height:1}.elementor-widget-heading .elementor-heading-title[class*=elementor-size-]>a{color:inherit;font-size:inherit;line-height:inherit}.elementor-widget-heading .elementor-heading-title.elementor-size-small{font-size:15px}.elementor-widget-heading .elementor-heading-title.elementor-size-medium{font-size:19px}.elementor-widget-heading .elementor-heading-title.elementor-size-large{font-size:29px}.elementor-widget-heading .elementor-heading-title.elementor-size-xl{font-size:39px}.elementor-widget-heading .elementor-heading-title.elementor-size-xxl{font-size:59px}<\/style><h2 class=\"elementor-heading-title elementor-size-default\">Innen lehet let\u00f6lteni n\u00e9h\u00e1ny hasznos alkalmaz\u00e1st, nem csak szakembereknek<\/h2>\t\t<\/div>\n\t\t\t\t<\/div>\n\t\t\t\t\t<\/div>\n\t\t\t\t<\/div>\n\t\t<div class=\"elementor-element elementor-element-c0ef15c e-flex e-con-boxed e-con e-parent\" data-id=\"c0ef15c\" data-element_type=\"container\">\n\t\t\t\t\t<div class=\"e-con-inner\">\n\t\t\t\t<div class=\"elementor-element elementor-element-e0223e9 elementor-widget elementor-widget-text-editor\" data-id=\"e0223e9\" data-element_type=\"widget\" data-widget_type=\"text-editor.default\">\n\t\t\t\t<div class=\"elementor-widget-container\">\n\t\t\t<style>\/*! elementor - v3.21.0 - 26-05-2024 *\/\n.elementor-widget-text-editor.elementor-drop-cap-view-stacked .elementor-drop-cap{background-color:#69727d;color:#fff}.elementor-widget-text-editor.elementor-drop-cap-view-framed .elementor-drop-cap{color:#69727d;border:3px solid;background-color:transparent}.elementor-widget-text-editor:not(.elementor-drop-cap-view-default) .elementor-drop-cap{margin-top:8px}.elementor-widget-text-editor:not(.elementor-drop-cap-view-default) .elementor-drop-cap-letter{width:1em;height:1em}.elementor-widget-text-editor .elementor-drop-cap{float:left;text-align:center;line-height:1;font-size:50px}.elementor-widget-text-editor .elementor-drop-cap-letter{display:inline-block}<\/style>\t\t\t\t<ul><li>ACROBAT READER \u2013\u00a0<a href=\"https:\/\/get.adobe.com\/hu\/reader\/\" target=\"_blank\" rel=\"noopener\">Adobe Acrobat reader &#8211; pdf olvas\u00f3<\/a><\/li><li>Google Chrome \u2013\u00a0<a href=\"https:\/\/www.google.com\/intl\/hu\/chrome\/browser-tools\/\" target=\"_blank\" rel=\"noopener\">Chrome web b\u00f6ng\u00e9sz\u0151<\/a><\/li><li>TeamViewer \u2013\u00a0<a href=\"https:\/\/www.teamviewer.com\/hu\/download\/windows\/?utm_source=google&amp;utm_medium=cpc&amp;utm_campaign=restofeurope%7Cb%7Cpr%7C22%7Caug%7Ctv-core-brand-only-exact-sn%7Cnew%7Ct0%7C0&amp;utm_content=Exact&amp;utm_term=teamviewer\" target=\"_blank\" rel=\"noopener\">T\u00e1vfel\u00fcgyelet<\/a><\/li><li>AnyDesk \u2013\u00a0<a href=\"https:\/\/anydesk.com\/en\" target=\"_blank\" rel=\"noopener\">T\u00e1vfel\u00fcgyelet<\/a><\/li><li>IrfanView \u2013\u00a0<a href=\"https:\/\/www.irfanview.com\/\">K\u00e9pn\u00e9zeget\u0151 \u00e9s alap k\u00e9pszerkeszt\u0151 program<\/a><\/li><\/ul>\t\t\t\t\t\t<\/div>\n\t\t\t\t<\/div>\n\t\t\t\t\t<\/div>\n\t\t\t\t<\/div>\n\t\t\t\t<\/div>\n\t\t","protected":false},"excerpt":{"rendered":"<p>Innen lehet let\u00f6lteni n\u00e9h\u00e1ny hasznos alkalmaz\u00e1st, nem csak szakembereknek ACROBAT READER \u2013\u00a0Adobe Acrobat reader &#8211; pdf olvas\u00f3 Google Chrome \u2013\u00a0Chrome web b\u00f6ng\u00e9sz\u0151 TeamViewer \u2013\u00a0T\u00e1vfel\u00fcgyelet AnyDesk \u2013\u00a0T\u00e1vfel\u00fcgyelet IrfanView \u2013\u00a0K\u00e9pn\u00e9zeget\u0151 \u00e9s alap k\u00e9pszerkeszt\u0151 program<\/p>\n","protected":false},"author":2,"featured_media":0,"parent":0,"menu_order":0,"comment_status":"closed","ping_status":"closed","template":"","meta":{"footnotes":""},"class_list":["post-1569","page","type-page","status-publish","hentry"],"_links":{"self":[{"href":"https:\/\/bitlabor.hu\/index.php\/wp-json\/wp\/v2\/pages\/1569","targetHints":{"allow":["GET"]}}],"collection":[{"href":"https:\/\/bitlabor.hu\/index.php\/wp-json\/wp\/v2\/pages"}],"about":[{"href":"https:\/\/bitlabor.hu\/index.php\/wp-json\/wp\/v2\/types\/page"}],"author":[{"embeddable":true,"href":"https:\/\/bitlabor.hu\/index.php\/wp-json\/wp\/v2\/users\/2"}],"replies":[{"embeddable":true,"href":"https:\/\/bitlabor.hu\/index.php\/wp-json\/wp\/v2\/comments?post=1569"}],"version-history":[{"count":8,"href":"https:\/\/bitlabor.hu\/index.php\/wp-json\/wp\/v2\/pages\/1569\/revisions"}],"predecessor-version":[{"id":1615,"href":"https:\/\/bitlabor.hu\/index.php\/wp-json\/wp\/v2\/pages\/1569\/revisions\/1615"}],"wp:attachment":[{"href":"https:\/\/bitlabor.hu\/index.php\/wp-json\/wp\/v2\/media?parent=1569"}],"curies":[{"name":"wp","href":"https:\/\/api.w.org\/{rel}","templated":true}]}}