{"id":1544,"date":"2024-03-26T12:34:14","date_gmt":"2024-03-26T12:34:14","guid":{"rendered":"https:\/\/bitlabor-dev.filafoxit.space\/?page_id=1544"},"modified":"2024-05-06T11:55:41","modified_gmt":"2024-05-06T11:55:41","slug":"szoftverfejlesztes","status":"publish","type":"page","link":"https:\/\/bitlabor.hu\/index.php\/szoftverfejlesztes\/","title":{"rendered":"Szoftverfejleszt\u00e9s"},"content":{"rendered":"\t\t<div data-elementor-type=\"wp-page\" data-elementor-id=\"1544\" class=\"elementor elementor-1544\">\n\t\t\t\t<div class=\"elementor-element elementor-element-851b004 e-flex e-con-boxed e-con e-parent\" data-id=\"851b004\" data-element_type=\"container\">\n\t\t\t\t\t<div class=\"e-con-inner\">\n\t\t\t\t<div class=\"elementor-element elementor-element-5634a4e elementor-widget elementor-widget-heading\" data-id=\"5634a4e\" data-element_type=\"widget\" data-widget_type=\"heading.default\">\n\t\t\t\t<div class=\"elementor-widget-container\">\n\t\t\t<style>\/*! elementor - v3.21.0 - 26-05-2024 *\/\n.elementor-heading-title{padding:0;margin:0;line-height:1}.elementor-widget-heading .elementor-heading-title[class*=elementor-size-]>a{color:inherit;font-size:inherit;line-height:inherit}.elementor-widget-heading .elementor-heading-title.elementor-size-small{font-size:15px}.elementor-widget-heading .elementor-heading-title.elementor-size-medium{font-size:19px}.elementor-widget-heading .elementor-heading-title.elementor-size-large{font-size:29px}.elementor-widget-heading .elementor-heading-title.elementor-size-xl{font-size:39px}.elementor-widget-heading .elementor-heading-title.elementor-size-xxl{font-size:59px}<\/style><h2 class=\"elementor-heading-title elementor-size-default\">Szoftverfejleszt\u00e9s<\/h2>\t\t<\/div>\n\t\t\t\t<\/div>\n\t\t\t\t\t<\/div>\n\t\t\t\t<\/div>\n\t\t<div class=\"elementor-element elementor-element-1b78d79 e-flex e-con-boxed e-con e-parent\" data-id=\"1b78d79\" data-element_type=\"container\">\n\t\t\t\t\t<div class=\"e-con-inner\">\n\t\t\t\t<div class=\"elementor-element elementor-element-21ee341 elementor-widget elementor-widget-text-editor\" data-id=\"21ee341\" data-element_type=\"widget\" data-widget_type=\"text-editor.default\">\n\t\t\t\t<div class=\"elementor-widget-container\">\n\t\t\t<style>\/*! elementor - v3.21.0 - 26-05-2024 *\/\n.elementor-widget-text-editor.elementor-drop-cap-view-stacked .elementor-drop-cap{background-color:#69727d;color:#fff}.elementor-widget-text-editor.elementor-drop-cap-view-framed .elementor-drop-cap{color:#69727d;border:3px solid;background-color:transparent}.elementor-widget-text-editor:not(.elementor-drop-cap-view-default) .elementor-drop-cap{margin-top:8px}.elementor-widget-text-editor:not(.elementor-drop-cap-view-default) .elementor-drop-cap-letter{width:1em;height:1em}.elementor-widget-text-editor .elementor-drop-cap{float:left;text-align:center;line-height:1;font-size:50px}.elementor-widget-text-editor .elementor-drop-cap-letter{display:inline-block}<\/style>\t\t\t\t<p><strong>Mobil alkalmaz\u00e1s fejleszt\u00e9s<\/strong><\/p><p>Egyedi, mobil technol\u00f3gi\u00e1kat haszn\u00e1l\u00f3 kliens &#8211; szerver alkalmaz\u00e1sok tervez\u00e9se, fejleszt\u00e9se. T\u00e1mogatott platfromok: iOS, Android<\/p><p><strong>Webes alkalmaz\u00e1s fejleszt\u00e9s<\/strong><\/p><p>\u00dcgyviteli, folyamatszervez\u00e9si, valamint egyedi szoftverek fejleszt\u00e9se, PHP alapokon.<\/p><p><strong>KALUMET<\/strong><\/p><p>Online, felh\u0151alap\u00fa v\u00e1llalat ir\u00e1ny\u00edt\u00e1si rendszer minden v\u00e1llalkoz\u00e1s sz\u00e1m\u00e1ra, b\u00e1rhol is legyen.<\/p><p>\u00dczlet a nap 24 \u00f3r\u00e1j\u00e1ban &#8211; <a href=\"https:\/\/kalumet.hu\/\" target=\"_blank\" rel=\"noopener\">Kalumet felh\u0151alap\u00fa on-line V\u00e1llalatir\u00e1ny\u00edt\u00e1si rendszer<\/a><\/p>\t\t\t\t\t\t<\/div>\n\t\t\t\t<\/div>\n\t\t\t\t\t<\/div>\n\t\t\t\t<\/div>\n\t\t\t\t<\/div>\n\t\t","protected":false},"excerpt":{"rendered":"<p>Szoftverfejleszt\u00e9s Mobil alkalmaz\u00e1s fejleszt\u00e9s Egyedi, mobil technol\u00f3gi\u00e1kat haszn\u00e1l\u00f3 kliens &#8211; szerver alkalmaz\u00e1sok tervez\u00e9se, fejleszt\u00e9se. T\u00e1mogatott platfromok: iOS, Android Webes alkalmaz\u00e1s fejleszt\u00e9s \u00dcgyviteli, folyamatszervez\u00e9si, valamint egyedi szoftverek fejleszt\u00e9se, PHP alapokon. KALUMET Online, felh\u0151alap\u00fa v\u00e1llalat ir\u00e1ny\u00edt\u00e1si rendszer minden v\u00e1llalkoz\u00e1s sz\u00e1m\u00e1ra, b\u00e1rhol is legyen. \u00dczlet a nap 24 \u00f3r\u00e1j\u00e1ban &#8211; Kalumet felh\u0151alap\u00fa on-line V\u00e1llalatir\u00e1ny\u00edt\u00e1si rendszer<\/p>\n","protected":false},"author":1,"featured_media":0,"parent":0,"menu_order":0,"comment_status":"closed","ping_status":"closed","template":"","meta":{"footnotes":""},"class_list":["post-1544","page","type-page","status-publish","hentry"],"_links":{"self":[{"href":"https:\/\/bitlabor.hu\/index.php\/wp-json\/wp\/v2\/pages\/1544","targetHints":{"allow":["GET"]}}],"collection":[{"href":"https:\/\/bitlabor.hu\/index.php\/wp-json\/wp\/v2\/pages"}],"about":[{"href":"https:\/\/bitlabor.hu\/index.php\/wp-json\/wp\/v2\/types\/page"}],"author":[{"embeddable":true,"href":"https:\/\/bitlabor.hu\/index.php\/wp-json\/wp\/v2\/users\/1"}],"replies":[{"embeddable":true,"href":"https:\/\/bitlabor.hu\/index.php\/wp-json\/wp\/v2\/comments?post=1544"}],"version-history":[{"count":8,"href":"https:\/\/bitlabor.hu\/index.php\/wp-json\/wp\/v2\/pages\/1544\/revisions"}],"predecessor-version":[{"id":1621,"href":"https:\/\/bitlabor.hu\/index.php\/wp-json\/wp\/v2\/pages\/1544\/revisions\/1621"}],"wp:attachment":[{"href":"https:\/\/bitlabor.hu\/index.php\/wp-json\/wp\/v2\/media?parent=1544"}],"curies":[{"name":"wp","href":"https:\/\/api.w.org\/{rel}","templated":true}]}}